{"id":8997,"date":"2022-11-28T17:55:57","date_gmt":"2022-11-28T16:55:57","guid":{"rendered":"https:\/\/www.rozpoctovarada.cz\/?page_id=8997"},"modified":"2023-01-05T13:32:03","modified_gmt":"2023-01-05T12:32:03","slug":"mandatory-published-information","status":"publish","type":"page","link":"https:\/\/www.rozpoctovarada.cz\/en\/mandatory-published-information\/","title":{"rendered":"Mandatory published information"},"content":{"rendered":"<h1 style=\"text-align: center;\">Mandatory published information<\/h1>\n<p style=\"text-align: center;\">Information published pursuant to Act No. 106\/1999 Coll., on free access to information.<\/p>\n<p>&nbsp;<\/p>\n<p>01<\/p>\n<p><strong>Official name<\/strong><\/p>\n<p>The Office of the Czech Fiscal Council<\/p>\n<p>02<\/p>\n<p><strong>Reason and way of establishment<\/strong><\/p>\n<p>The Office of the Czech Fiscal Council was established on the basis of Section 32 of Act No. 23\/2017 Coll., on the rules of budgetary responsibility:<br \/>\n(1) The Office of the Council is hereby established which shall assume the tasks related to the professional, organisational, administrative, personnel and technical support of the Council\u2019s activities. The Office of the Council is headed by the Head of the Office of the Council.<br \/>\n(2) The Office of the Council is the organisational unit of the state and the accounting unit. Acting on behalf of the state in labour-law relations is the Head of the Office of the Council.<br \/>\n(3) The Head of the Office of the Council shall be appointed and removed by the Council. The Head of the Office of the Council shall be subordinate to the Chairperson of the Council.<br \/>\nFor more information, see part four of Act No. 23\/2017 Coll., on the rules of budgetary responsibility.<\/p>\n<p>03<\/p>\n<p><strong>Organisational Structure<\/strong><\/p>\n<p>The organisational structure of the Office of the Czech Fiscal Council is available here.<\/p>\n<p>04<\/p>\n<p><strong>Contacts<\/strong><\/p>\n<p>4.1. Contact postal address: Hole\u010dkova 103\/31; 150 00 Praha 5 \u2013 Sm\u00edchov<\/p>\n<p>4.2. Office address for personal visits: Hole\u010dkova 103\/31, 150 00 Praha 5 \u2013 Sm\u00edchov<\/p>\n<p>4.3. Office hours: Monday to Thursday 9:00\u201316:00, Friday 9:00\u201314:00<\/p>\n<p>4.4. Telephone numbers: 277 771 010 (secretariat to the Office)<\/p>\n<p>4.5. Fax number: \u2013<\/p>\n<p>4.6. Website:\u00a0<a href=\"http:\/\/www.unrr.cz\/\">www.unrr.cz<\/a><\/p>\n<p>4.7. E-mail address: podatelna@unrr.cz<\/p>\n<p>4.8. Data Box: mmu3ubg<\/p>\n<p><em>Information system of the registry office accepts the following formats: pdf, png, tiff, jpeg, jpg, gif, mp3, wav, doc, docx, html, xml, xls, xlsx, ppt, pptx, rtf.<\/em><\/p>\n<p>05<\/p>\n<p><strong>Bank contact<\/strong><\/p>\n<p>Prospective payments can be made to the account number 19-4726001\/0710 (\u010cNB).<\/p>\n<p>06<\/p>\n<p><strong>Company ID (I\u010cO)<\/strong><\/p>\n<p>05553539<\/p>\n<p>07<\/p>\n<p><strong>COMPANY VAT ID (DI\u010c)<\/strong><\/p>\n<p>CZ05553539<\/p>\n<p>08<\/p>\n<p><strong>Documents<\/strong><\/p>\n<p><a href=\"https:\/\/www.rozpoctovarada.cz\/en\/publications\/\">Reports, opinions and other documents<\/a><\/p>\n<p>09<\/p>\n<p><strong>Budget<\/strong><\/p>\n<p>Information on the budget of the Office of the Czech Fiscal Council is available\u00a0<a href=\"https:\/\/unrr.cz\/en\/the-budget-of-the-office\/\">here<\/a>.<\/p>\n<p>10<\/p>\n<p><strong>Requests for information<\/strong><\/p>\n<p>Principles for filing requests for information pursuant to Act No. 106\/1999 Coll. are available\u00a0<a href=\"https:\/\/www.rozpoctovarada.cz\/en\/the-office\/principles-for-submiting-requests\/\">here<\/a>.<\/p>\n<p>11<\/p>\n<p><strong>Regulations<\/strong><\/p>\n<p>Act No. 23\/2017 Coll., on the rules of budgetary responsibility.<\/p>\n<p>12<\/p>\n<p><strong>Annual reports pursuant to Act no. 106\/1999 coll., on free access to information<\/strong><\/p>\n<p>Annual Reports of the Office of the Czech Fiscal Council can be found\u00a0<a href=\"https:\/\/www.rozpoctovarada.cz\/urad-nrr\/vyrocni-zpravy\/\">here<\/a> (only CZ).<\/p>\n<p>13<\/p>\n<p><strong>Exclusive licenses granted pursuant to Section 14a (4) of Act no. 106\/1999 Coll., On Free Access to Information<\/strong><\/p>\n<p>The Office of the Czech Fiscal Council does not grant any exclusive licenses.<\/p>\n<p>14<\/p>\n<p><strong>Price list for providing information<\/strong><\/p>\n<p>The Office of the Czech Fiscal Council may, on the basis of Act No. 106\/1999 Coll., require payment for the provision of information subject to the obligation to provide information. However, the amount of the payment may not exceed the material costs.<\/p>\n<p>On the basis of Act No. 106\/1999 Coll., as amended, the Office of the Czech Fiscal Council establishes the following price list of payments for the provided information.<\/p>\n<p><strong>Current price list of payments for the provided information<\/strong><br \/>\n\u2013 One page printout or A4 copy of the same format\u00a0 \u00a0 \u00a0 \u00a0 \u00a0 CZK 2.00<br \/>\n\u2013 Double side printout or A4 copy\u00a0 \u00a0 \u00a0 \u00a0 \u00a0 \u00a0 \u00a0 \u00a0 \u00a0 \u00a0 \u00a0 \u00a0 \u00a0 \u00a0 \u00a0 \u00a0 \u00a0 \u00a0 \u00a0 CZK 3.00<br \/>\n\u2013 One page printout or A3 copy\u00a0 \u00a0 \u00a0 \u00a0 \u00a0 \u00a0 \u00a0 \u00a0 \u00a0 \u00a0 \u00a0 \u00a0 \u00a0 \u00a0 \u00a0 \u00a0 \u00a0 \u00a0 \u00a0 \u00a0 \u00a0CZK 3.50<br \/>\n\u2013 Double side printout or A3 copy\u00a0 \u00a0 \u00a0 \u00a0 \u00a0 \u00a0 \u00a0 \u00a0 \u00a0 \u00a0 \u00a0 \u00a0 \u00a0 \u00a0 \u00a0 \u00a0 \u00a0 \u00a0 \u00a0 CZK 4.50<br \/>\n\u2013 1 piece of blank CD for writing information \u00a0\u00a0\u00a0\u00a0\u00a0\u00a0\u00a0\u00a0\u00a0\u00a0\u00a0\u00a0\u00a0\u00a0\u00a0\u00a0\u00a0\u00a0\u00a0 CZK 8.00<br \/>\n\u2013 1 piece of blank DVD for writing information \u00a0\u00a0\u00a0\u00a0\u00a0\u00a0\u00a0\u00a0\u00a0\u00a0\u00a0\u00a0\u00a0\u00a0\u00a0\u00a0 CZK 10.00<br \/>\n\u2013 Other technical data medium\u00a0 \u00a0 \u00a0 \u00a0 \u00a0 \u00a0 \u00a0 \u00a0 \u00a0 \u00a0 \u00a0 \u00a0 \u00a0 \u00a0 \u00a0 \u00a0 \u00a0 \u00a0 \u00a0 \u00a0 \u00a0 at the purchase price<br \/>\n\u2013 packaging\u00a0\u00a0\u00a0\u00a0\u00a0\u00a0\u00a0\u00a0\u00a0\u00a0\u00a0\u00a0\u00a0\u00a0\u00a0\u00a0\u00a0\u00a0\u00a0\u00a0\u00a0\u00a0\u00a0\u00a0\u00a0\u00a0\u00a0\u00a0\u00a0\u00a0\u00a0\u00a0\u00a0\u00a0\u00a0\u00a0\u00a0 based on the purchase price of the respective type of packaging<br \/>\n\u2013 postage \u00a0\u00a0\u00a0\u00a0\u00a0\u00a0\u00a0\u00a0\u00a0\u00a0\u00a0\u00a0\u00a0\u00a0\u00a0\u00a0\u00a0\u00a0\u00a0\u00a0\u00a0\u00a0\u00a0\u00a0\u00a0\u00a0\u00a0\u00a0\u00a0\u00a0\u00a0\u00a0\u00a0\u00a0\u00a0\u00a0\u00a0\u00a0\u00a0\u00a0 based on the current postal service provider\u2019s tariff<\/p>\n<p>In case the provision of information requires extraordinary search and processing, the enquirer will pay\u00a0<strong>CZK 350 for each commenced hour<\/strong>\u00a0of work of the processor.<\/p>\n<p>Prospective payments can be made to the account number 19-4726001\/0710 (\u010cNB)<\/p>\n<p><strong>Information will be provided only following the demonstrable payment of the required costs.<\/strong><\/p>\n<p>15<\/p>\n<p><strong>Summary of information provided on request pursuant to Act No. 106\/1999 Coll., On free access to information<\/strong><\/p>\n<p>An overview of information provided on request by the Office of the Czech Fiscal Council in accordance with Act No 106\/1999, on Free Access to Information, may be found\u00a0<a href=\"https:\/\/www.rozpoctovarada.cz\/urad-nrr\/poskytovani-informaci\/\">here<\/a>\u00a0(at the end of the page in Czech language).<\/p>\n<p>16<\/p>\n<p><b>Representative for Personal Data Protection<\/b><\/p>\n<p>The data protection officer of the Office of the Czech Fiscal Council is:<\/p>\n<p>FairData Professionals a.s.<br \/>\nNa Florenci 1332\/23<br \/>\n110 00 Praha 1 \u2013 Nov\u00e9 M\u011bsto<br \/>\ne-mail: dpo.unrr@fairdata.cz<br \/>\ntel. +420 255 000 111<\/p>\n<p>Personal data subjects may contact the data protection officer by post marked \u201cfor the personal attention of the DPO\u201d at the address: \u00da\u0159ad N\u00e1rodn\u00ed rozpo\u010dtov\u00e9 rady, Hole\u010dkova 103\/31, 150 00 Praha 5, PS\u010c 150 00.<\/p>\n","protected":false},"excerpt":{"rendered":"<p>Mandatory published information Information published pursuant to Act No. 106\/1999 Coll., on free access to information. &nbsp; 01 Official name The Office of the Czech Fiscal Council 02 Reason and way of establishment The Office of the Czech Fiscal Council was established on the basis of Section 32 of Act No. 23\/2017 Coll., on the&#8230;<\/p>\n","protected":false},"author":3,"featured_media":0,"parent":0,"menu_order":0,"comment_status":"closed","ping_status":"closed","template":"pages\/page-blocks.php","meta":{"footnotes":""},"class_list":["post-8997","page","type-page","status-publish","hentry"],"yoast_head":"<!-- This site is optimized with the Yoast SEO plugin v27.2 - https:\/\/yoast.com\/product\/yoast-seo-wordpress\/ -->\n<title>Mandatory published information | N\u00e1rodn\u00ed rozpo\u010dtov\u00e1 rada<\/title>\n<meta name=\"robots\" content=\"index, follow, max-snippet:-1, max-image-preview:large, max-video-preview:-1\" \/>\n<link rel=\"canonical\" href=\"https:\/\/www.rozpoctovarada.cz\/en\/mandatory-published-information\/\" \/>\n<meta property=\"og:locale\" content=\"en_US\" \/>\n<meta property=\"og:type\" content=\"article\" \/>\n<meta property=\"og:title\" content=\"Mandatory published information | N\u00e1rodn\u00ed rozpo\u010dtov\u00e1 rada\" \/>\n<meta property=\"og:description\" content=\"Mandatory published information Information published pursuant to Act No. 106\/1999 Coll., on free access to information. &nbsp; 01 Official name The Office of the Czech Fiscal Council 02 Reason and way of establishment The Office of the Czech Fiscal Council was established on the basis of Section 32 of Act No. 23\/2017 Coll., on the...\" \/>\n<meta property=\"og:url\" content=\"https:\/\/www.rozpoctovarada.cz\/en\/mandatory-published-information\/\" \/>\n<meta property=\"og:site_name\" content=\"N\u00e1rodn\u00ed rozpo\u010dtov\u00e1 rada\" \/>\n<meta property=\"article:publisher\" content=\"https:\/\/www.facebook.com\/narodnirozpoctovarada\" \/>\n<meta property=\"article:modified_time\" content=\"2023-01-05T12:32:03+00:00\" \/>\n<meta property=\"og:image\" content=\"https:\/\/www.rozpoctovarada.cz\/wp-content\/uploads\/2022\/12\/UNRR_OG.jpg\" \/>\n\t<meta property=\"og:image:width\" content=\"1200\" \/>\n\t<meta property=\"og:image:height\" content=\"630\" \/>\n\t<meta property=\"og:image:type\" content=\"image\/jpeg\" \/>\n<meta name=\"twitter:card\" content=\"summary_large_image\" \/>\n<meta name=\"twitter:site\" content=\"@rozpoctova_rada\" \/>\n<meta name=\"twitter:label1\" content=\"Est. reading time\" \/>\n\t<meta name=\"twitter:data1\" content=\"5 minutes\" \/>\n<!-- \/ Yoast SEO plugin. -->","yoast_head_json":{"title":"Mandatory published information | N\u00e1rodn\u00ed rozpo\u010dtov\u00e1 rada","robots":{"index":"index","follow":"follow","max-snippet":"max-snippet:-1","max-image-preview":"max-image-preview:large","max-video-preview":"max-video-preview:-1"},"canonical":"https:\/\/www.rozpoctovarada.cz\/en\/mandatory-published-information\/","og_locale":"en_US","og_type":"article","og_title":"Mandatory published information | N\u00e1rodn\u00ed rozpo\u010dtov\u00e1 rada","og_description":"Mandatory published information Information published pursuant to Act No. 106\/1999 Coll., on free access to information. &nbsp; 01 Official name The Office of the Czech Fiscal Council 02 Reason and way of establishment The Office of the Czech Fiscal Council was established on the basis of Section 32 of Act No. 23\/2017 Coll., on the...","og_url":"https:\/\/www.rozpoctovarada.cz\/en\/mandatory-published-information\/","og_site_name":"N\u00e1rodn\u00ed rozpo\u010dtov\u00e1 rada","article_publisher":"https:\/\/www.facebook.com\/narodnirozpoctovarada","article_modified_time":"2023-01-05T12:32:03+00:00","og_image":[{"width":1200,"height":630,"url":"https:\/\/www.rozpoctovarada.cz\/wp-content\/uploads\/2022\/12\/UNRR_OG.jpg","type":"image\/jpeg"}],"twitter_card":"summary_large_image","twitter_site":"@rozpoctova_rada","twitter_misc":{"Est. reading time":"5 minutes"},"schema":{"@context":"https:\/\/schema.org","@graph":[{"@type":"WebPage","@id":"https:\/\/www.rozpoctovarada.cz\/en\/mandatory-published-information\/","url":"https:\/\/www.rozpoctovarada.cz\/en\/mandatory-published-information\/","name":"Mandatory published information | N\u00e1rodn\u00ed rozpo\u010dtov\u00e1 rada","isPartOf":{"@id":"https:\/\/www.rozpoctovarada.cz\/en\/#website"},"datePublished":"2022-11-28T16:55:57+00:00","dateModified":"2023-01-05T12:32:03+00:00","breadcrumb":{"@id":"https:\/\/www.rozpoctovarada.cz\/en\/mandatory-published-information\/#breadcrumb"},"inLanguage":"en-US","potentialAction":[{"@type":"ReadAction","target":["https:\/\/www.rozpoctovarada.cz\/en\/mandatory-published-information\/"]}]},{"@type":"BreadcrumbList","@id":"https:\/\/www.rozpoctovarada.cz\/en\/mandatory-published-information\/#breadcrumb","itemListElement":[{"@type":"ListItem","position":1,"name":"Dom\u016f","item":"https:\/\/www.rozpoctovarada.cz\/en\/"},{"@type":"ListItem","position":2,"name":"Mandatory published information"}]},{"@type":"WebSite","@id":"https:\/\/www.rozpoctovarada.cz\/en\/#website","url":"https:\/\/www.rozpoctovarada.cz\/en\/","name":"N\u00e1rodn\u00ed rozpo\u010dtov\u00e1 rada","description":"Nez\u00e1visl\u00fd odborn\u00fd org\u00e1n vyhodnocuj\u00edc\u00ed zda st\u00e1t a dal\u0161\u00ed ve\u0159ejn\u00e9 instituce dodr\u017euj\u00ed pravidla rozpo\u010dtov\u00e9 odpov\u011bdnosti dan\u00e1 z\u00e1konem.","publisher":{"@id":"https:\/\/www.rozpoctovarada.cz\/en\/#organization"},"potentialAction":[{"@type":"SearchAction","target":{"@type":"EntryPoint","urlTemplate":"https:\/\/www.rozpoctovarada.cz\/en\/?s={search_term_string}"},"query-input":{"@type":"PropertyValueSpecification","valueRequired":true,"valueName":"search_term_string"}}],"inLanguage":"en-US"},{"@type":"Organization","@id":"https:\/\/www.rozpoctovarada.cz\/en\/#organization","name":"\u00da\u0159ad N\u00e1rodn\u00ed rozpo\u010dtov\u00e9 rady","url":"https:\/\/www.rozpoctovarada.cz\/en\/","logo":{"@type":"ImageObject","inLanguage":"en-US","@id":"https:\/\/www.rozpoctovarada.cz\/en\/#\/schema\/logo\/image\/","url":"https:\/\/www.rozpoctovarada.cz\/wp-content\/uploads\/2022\/11\/Logo-NRR_.png","contentUrl":"https:\/\/www.rozpoctovarada.cz\/wp-content\/uploads\/2022\/11\/Logo-NRR_.png","width":453,"height":211,"caption":"\u00da\u0159ad N\u00e1rodn\u00ed rozpo\u010dtov\u00e9 rady"},"image":{"@id":"https:\/\/www.rozpoctovarada.cz\/en\/#\/schema\/logo\/image\/"},"sameAs":["https:\/\/www.facebook.com\/narodnirozpoctovarada","https:\/\/x.com\/rozpoctova_rada","https:\/\/www.linkedin.com\/company\/unrr","https:\/\/www.youtube.com\/channel\/UCvBj3gmMv19MzBFnz3BDL4Q"]}]}},"_links":{"self":[{"href":"https:\/\/www.rozpoctovarada.cz\/en\/wp-json\/wp\/v2\/pages\/8997","targetHints":{"allow":["GET"]}}],"collection":[{"href":"https:\/\/www.rozpoctovarada.cz\/en\/wp-json\/wp\/v2\/pages"}],"about":[{"href":"https:\/\/www.rozpoctovarada.cz\/en\/wp-json\/wp\/v2\/types\/page"}],"author":[{"embeddable":true,"href":"https:\/\/www.rozpoctovarada.cz\/en\/wp-json\/wp\/v2\/users\/3"}],"replies":[{"embeddable":true,"href":"https:\/\/www.rozpoctovarada.cz\/en\/wp-json\/wp\/v2\/comments?post=8997"}],"version-history":[{"count":8,"href":"https:\/\/www.rozpoctovarada.cz\/en\/wp-json\/wp\/v2\/pages\/8997\/revisions"}],"predecessor-version":[{"id":9357,"href":"https:\/\/www.rozpoctovarada.cz\/en\/wp-json\/wp\/v2\/pages\/8997\/revisions\/9357"}],"wp:attachment":[{"href":"https:\/\/www.rozpoctovarada.cz\/en\/wp-json\/wp\/v2\/media?parent=8997"}],"curies":[{"name":"wp","href":"https:\/\/api.w.org\/{rel}","templated":true}]}}