{"id":8958,"date":"2022-11-29T10:05:29","date_gmt":"2022-11-29T09:05:29","guid":{"rendered":"https:\/\/www.rozpoctovarada.cz\/?page_id=8958"},"modified":"2024-11-21T12:39:03","modified_gmt":"2024-11-21T11:39:03","slug":"office-of-the-czech-fiscal-council","status":"publish","type":"page","link":"https:\/\/www.rozpoctovarada.cz\/en\/the-office\/office-of-the-czech-fiscal-council\/","title":{"rendered":"Office of The Czech Fiscal Council"},"content":{"rendered":"<p>The Office of the Czech Fiscal Council was established, contemporarily with the Czech Fiscal Council, in accordance with\u00a0<a href=\"https:\/\/www.zakonyprolidi.cz\/cs\/2017-23#cast4\">Act No. 23\/2017 Coll<\/a>\u00a0on the rules of budgetary responsibility, to undertake the tasks associated with the professional, organisational, administrative, personnel-related and technical realisation of the work of the Czech Fiscal Council.<\/p>\n<p>The Office of the Czech Fiscal Council has\u00a0<a href=\"https:\/\/unrr.cz\/en\/organisational-structure-of-the-office-of-the-council\/\">two principal divisions<\/a>\u00a0\u2013 the administrative section and the macroeconomic and fiscal analysis section, both directly accountable to the Head of the Office of the Czech Fiscal Council.<\/p>\n<p>The Office of the Czech Fiscal Council is an organisational unit of the state and an accounting entity. Separate chapters of the state budget cover the expenses to run the Czech Fiscal Council and the Office of the Czech Fiscal Council.<\/p>\n","protected":false},"excerpt":{"rendered":"<p>The Office of the Czech Fiscal Council was established, contemporarily with the Czech Fiscal Council, in accordance with\u00a0Act No. 23\/2017 Coll\u00a0on the rules of budgetary responsibility, to undertake the tasks associated with the professional, organisational, administrative, personnel-related and technical realisation of the work of the Czech Fiscal Council. The Office of the Czech Fiscal Council&#8230;<\/p>\n","protected":false},"author":2,"featured_media":0,"parent":8950,"menu_order":0,"comment_status":"closed","ping_status":"closed","template":"pages\/page-blocks.php","meta":{"footnotes":""},"class_list":["post-8958","page","type-page","status-publish","hentry"],"yoast_head":"<!-- This site is optimized with the Yoast SEO plugin v27.3 - https:\/\/yoast.com\/product\/yoast-seo-wordpress\/ -->\n<title>Office of The Czech Fiscal Council | N\u00e1rodn\u00ed rozpo\u010dtov\u00e1 rada<\/title>\n<meta name=\"robots\" content=\"index, follow, max-snippet:-1, max-image-preview:large, max-video-preview:-1\" \/>\n<link rel=\"canonical\" href=\"https:\/\/www.rozpoctovarada.cz\/en\/the-office\/office-of-the-czech-fiscal-council\/\" \/>\n<meta property=\"og:locale\" content=\"en_US\" \/>\n<meta property=\"og:type\" content=\"article\" \/>\n<meta property=\"og:title\" content=\"Office of The Czech Fiscal Council | N\u00e1rodn\u00ed rozpo\u010dtov\u00e1 rada\" \/>\n<meta property=\"og:description\" content=\"The Office of the Czech Fiscal Council was established, contemporarily with the Czech Fiscal Council, in accordance with\u00a0Act No. 23\/2017 Coll\u00a0on the rules of budgetary responsibility, to undertake the tasks associated with the professional, organisational, administrative, personnel-related and technical realisation of the work of the Czech Fiscal Council. The Office of the Czech Fiscal Council...\" \/>\n<meta property=\"og:url\" content=\"https:\/\/www.rozpoctovarada.cz\/en\/the-office\/office-of-the-czech-fiscal-council\/\" \/>\n<meta property=\"og:site_name\" content=\"N\u00e1rodn\u00ed rozpo\u010dtov\u00e1 rada\" \/>\n<meta property=\"article:publisher\" content=\"https:\/\/www.facebook.com\/narodnirozpoctovarada\" \/>\n<meta property=\"article:modified_time\" content=\"2024-11-21T11:39:03+00:00\" \/>\n<meta property=\"og:image\" content=\"https:\/\/www.rozpoctovarada.cz\/wp-content\/uploads\/2022\/12\/UNRR_OG.jpg\" \/>\n\t<meta property=\"og:image:width\" content=\"1200\" \/>\n\t<meta property=\"og:image:height\" content=\"630\" \/>\n\t<meta property=\"og:image:type\" content=\"image\/jpeg\" \/>\n<meta name=\"twitter:card\" content=\"summary_large_image\" \/>\n<meta name=\"twitter:site\" content=\"@rozpoctova_rada\" \/>\n<meta name=\"twitter:label1\" content=\"Est. reading time\" \/>\n\t<meta name=\"twitter:data1\" content=\"1 minute\" \/>\n<!-- \/ Yoast SEO plugin. -->","yoast_head_json":{"title":"Office of The Czech Fiscal Council | N\u00e1rodn\u00ed rozpo\u010dtov\u00e1 rada","robots":{"index":"index","follow":"follow","max-snippet":"max-snippet:-1","max-image-preview":"max-image-preview:large","max-video-preview":"max-video-preview:-1"},"canonical":"https:\/\/www.rozpoctovarada.cz\/en\/the-office\/office-of-the-czech-fiscal-council\/","og_locale":"en_US","og_type":"article","og_title":"Office of The Czech Fiscal Council | N\u00e1rodn\u00ed rozpo\u010dtov\u00e1 rada","og_description":"The Office of the Czech Fiscal Council was established, contemporarily with the Czech Fiscal Council, in accordance with\u00a0Act No. 23\/2017 Coll\u00a0on the rules of budgetary responsibility, to undertake the tasks associated with the professional, organisational, administrative, personnel-related and technical realisation of the work of the Czech Fiscal Council. The Office of the Czech Fiscal Council...","og_url":"https:\/\/www.rozpoctovarada.cz\/en\/the-office\/office-of-the-czech-fiscal-council\/","og_site_name":"N\u00e1rodn\u00ed rozpo\u010dtov\u00e1 rada","article_publisher":"https:\/\/www.facebook.com\/narodnirozpoctovarada","article_modified_time":"2024-11-21T11:39:03+00:00","og_image":[{"width":1200,"height":630,"url":"https:\/\/www.rozpoctovarada.cz\/wp-content\/uploads\/2022\/12\/UNRR_OG.jpg","type":"image\/jpeg"}],"twitter_card":"summary_large_image","twitter_site":"@rozpoctova_rada","twitter_misc":{"Est. reading time":"1 minute"},"schema":{"@context":"https:\/\/schema.org","@graph":[{"@type":"WebPage","@id":"https:\/\/www.rozpoctovarada.cz\/en\/the-office\/office-of-the-czech-fiscal-council\/","url":"https:\/\/www.rozpoctovarada.cz\/en\/the-office\/office-of-the-czech-fiscal-council\/","name":"Office of The Czech Fiscal Council | N\u00e1rodn\u00ed rozpo\u010dtov\u00e1 rada","isPartOf":{"@id":"https:\/\/www.rozpoctovarada.cz\/en\/#website"},"datePublished":"2022-11-29T09:05:29+00:00","dateModified":"2024-11-21T11:39:03+00:00","breadcrumb":{"@id":"https:\/\/www.rozpoctovarada.cz\/en\/the-office\/office-of-the-czech-fiscal-council\/#breadcrumb"},"inLanguage":"en-US","potentialAction":[{"@type":"ReadAction","target":["https:\/\/www.rozpoctovarada.cz\/en\/the-office\/office-of-the-czech-fiscal-council\/"]}]},{"@type":"BreadcrumbList","@id":"https:\/\/www.rozpoctovarada.cz\/en\/the-office\/office-of-the-czech-fiscal-council\/#breadcrumb","itemListElement":[{"@type":"ListItem","position":1,"name":"Dom\u016f","item":"https:\/\/www.rozpoctovarada.cz\/en\/"},{"@type":"ListItem","position":2,"name":"The Office","item":"https:\/\/www.rozpoctovarada.cz\/en\/the-office\/"},{"@type":"ListItem","position":3,"name":"Office of The Czech Fiscal Council"}]},{"@type":"WebSite","@id":"https:\/\/www.rozpoctovarada.cz\/en\/#website","url":"https:\/\/www.rozpoctovarada.cz\/en\/","name":"N\u00e1rodn\u00ed rozpo\u010dtov\u00e1 rada","description":"Nez\u00e1visl\u00fd odborn\u00fd org\u00e1n vyhodnocuj\u00edc\u00ed zda st\u00e1t a dal\u0161\u00ed ve\u0159ejn\u00e9 instituce dodr\u017euj\u00ed pravidla rozpo\u010dtov\u00e9 odpov\u011bdnosti dan\u00e1 z\u00e1konem.","publisher":{"@id":"https:\/\/www.rozpoctovarada.cz\/en\/#organization"},"potentialAction":[{"@type":"SearchAction","target":{"@type":"EntryPoint","urlTemplate":"https:\/\/www.rozpoctovarada.cz\/en\/?s={search_term_string}"},"query-input":{"@type":"PropertyValueSpecification","valueRequired":true,"valueName":"search_term_string"}}],"inLanguage":"en-US"},{"@type":"Organization","@id":"https:\/\/www.rozpoctovarada.cz\/en\/#organization","name":"\u00da\u0159ad N\u00e1rodn\u00ed rozpo\u010dtov\u00e9 rady","url":"https:\/\/www.rozpoctovarada.cz\/en\/","logo":{"@type":"ImageObject","inLanguage":"en-US","@id":"https:\/\/www.rozpoctovarada.cz\/en\/#\/schema\/logo\/image\/","url":"https:\/\/www.rozpoctovarada.cz\/wp-content\/uploads\/2022\/11\/Logo-NRR_.png","contentUrl":"https:\/\/www.rozpoctovarada.cz\/wp-content\/uploads\/2022\/11\/Logo-NRR_.png","width":453,"height":211,"caption":"\u00da\u0159ad N\u00e1rodn\u00ed rozpo\u010dtov\u00e9 rady"},"image":{"@id":"https:\/\/www.rozpoctovarada.cz\/en\/#\/schema\/logo\/image\/"},"sameAs":["https:\/\/www.facebook.com\/narodnirozpoctovarada","https:\/\/x.com\/rozpoctova_rada","https:\/\/www.linkedin.com\/company\/unrr","https:\/\/www.youtube.com\/channel\/UCvBj3gmMv19MzBFnz3BDL4Q"]}]}},"_links":{"self":[{"href":"https:\/\/www.rozpoctovarada.cz\/en\/wp-json\/wp\/v2\/pages\/8958","targetHints":{"allow":["GET"]}}],"collection":[{"href":"https:\/\/www.rozpoctovarada.cz\/en\/wp-json\/wp\/v2\/pages"}],"about":[{"href":"https:\/\/www.rozpoctovarada.cz\/en\/wp-json\/wp\/v2\/types\/page"}],"author":[{"embeddable":true,"href":"https:\/\/www.rozpoctovarada.cz\/en\/wp-json\/wp\/v2\/users\/2"}],"replies":[{"embeddable":true,"href":"https:\/\/www.rozpoctovarada.cz\/en\/wp-json\/wp\/v2\/comments?post=8958"}],"version-history":[{"count":2,"href":"https:\/\/www.rozpoctovarada.cz\/en\/wp-json\/wp\/v2\/pages\/8958\/revisions"}],"predecessor-version":[{"id":9044,"href":"https:\/\/www.rozpoctovarada.cz\/en\/wp-json\/wp\/v2\/pages\/8958\/revisions\/9044"}],"up":[{"embeddable":true,"href":"https:\/\/www.rozpoctovarada.cz\/en\/wp-json\/wp\/v2\/pages\/8950"}],"wp:attachment":[{"href":"https:\/\/www.rozpoctovarada.cz\/en\/wp-json\/wp\/v2\/media?parent=8958"}],"curies":[{"name":"wp","href":"https:\/\/api.w.org\/{rel}","templated":true}]}}