{"id":8420,"date":"2022-11-29T10:11:24","date_gmt":"2022-11-29T09:11:24","guid":{"rendered":"https:\/\/www.rozpoctovarada.cz\/public-finances\/kalkulacka-verejnych-prijmu-a-vydaju-sr\/"},"modified":"2022-12-21T13:42:23","modified_gmt":"2022-12-21T12:42:23","slug":"calculator","status":"publish","type":"page","link":"https:\/\/www.rozpoctovarada.cz\/en\/public-finances\/calculator\/","title":{"rendered":"Calculator"},"content":{"rendered":"<p>Soubor <b>\u201eKalkula\u010dka ve\u0159ejn\u00fdch p\u0159\u00edjm\u016f\u201c<\/b> je jednoduch\u00fdm n\u00e1strojem, kter\u00fd umo\u017e\u0148uje r\u00e1mcov\u011b simulovat o\u010dek\u00e1van\u00e9 fisk\u00e1ln\u00ed dopady zm\u011bn v\u00a0nastaven\u00ed hlavn\u00edch parametr\u016f nejv\u00fdznamn\u011bj\u0161\u00edch dan\u00ed\/pojistn\u00e9ho v\u00a0\u010cesk\u00e9 republice. Jeho \u00fa\u010delem je p\u0159isp\u011bt k\u00a0racionalizaci debaty o p\u0159\u00edpadn\u00fdch \u00faprav\u00e1ch da\u0148ov\u00e9ho mixu v\u00a0\u010cesk\u00e9 republice, kterou si vysok\u00e9 deficity ve\u0159ejn\u00fdch financ\u00ed pravd\u011bpodobn\u011b vy\u017e\u00e1daj\u00ed. Kalkula\u010dku lze nal\u00e9zt na hlavn\u00ed stran\u011b webu \u00daNRR.<\/p>\n<p>N\u00e1stroj nen\u00ed ur\u010den k p\u0159esn\u00e9 predikci p\u0159\u00edjm\u016f p\u0159i alternativn\u00edm nastaven\u00ed da\u0148ov\u00e9ho mixu, n\u00fdbr\u017e k ilustraci potenci\u00e1lu zm\u011bn v da\u0148ov\u00fdch\/pojistn\u00fdch sazb\u00e1ch \u0159e\u0161it sou\u010dasnou fisk\u00e1ln\u00ed nerovnov\u00e1hu. Z tohoto d\u016fvodu tak\u00e9 kalkula\u010dka obsahuje \u0159ada modelov\u00fdch zjednodu\u0161en\u00ed.<\/p>\n<p>Z\u00e1kladn\u00ed nastaven\u00ed vych\u00e1z\u00ed z\u00a0platn\u00e9 legislativy a pl\u00e1novan\u00fdch p\u0159\u00edjm\u016f sektoru vl\u00e1dn\u00edch instituc\u00ed pro rok 2021. Zdrojov\u00e1 data jsou p\u0159evzata z\u00a0Ministerstva financ\u00ed \u010cR a \u010cesk\u00e9ho statistick\u00e9ho \u00fa\u0159adu. \u00dadaje o v\u00fdnosech jsou v\u00a0akru\u00e1ln\u00edm vyj\u00e1d\u0159en\u00ed.<\/p>\n<p>Soubor \u201eKalkula\u010dka v\u00fddaj\u016f st\u00e1tn\u00edho rozpo\u010dtu\u201c je n\u00e1strojem, kter\u00fd umo\u017e\u0148uje ve zjednodu\u0161en\u00e9 podob\u011b vytvo\u0159it vlastn\u00ed n\u00e1vrh v\u00fddajov\u00e9 strany st\u00e1tn\u00edho rozpo\u010dtu. Jeho \u00fa\u010delem je p\u0159isp\u011bt k racionalizaci debaty o \u00faprav\u00e1ch v\u00fddajov\u00e9 strany st\u00e1tn\u00edho rozpo\u010dtu, kterou si vysok\u00e9 deficity ve\u0159ejn\u00fdch financ\u00ed pravd\u011bpodobn\u011b vy\u017e\u00e1daj\u00ed.<\/p>\n<p>Podstatou n\u00e1stroje je mo\u017enost upravovat rozsah jednotliv\u00fdch polo\u017eek st\u00e1tn\u00edho rozpo\u010dtu, p\u0159i\u010dem\u017e v\u00fdchoz\u00edmi daty jsou hodnoty v\u00fddaj\u016f schv\u00e1len\u00e9 v rozpo\u010dtu na leto\u0161n\u00ed rok.<\/p>\n","protected":false},"excerpt":{"rendered":"<p>Soubor \u201eKalkula\u010dka ve\u0159ejn\u00fdch p\u0159\u00edjm\u016f\u201c je jednoduch\u00fdm n\u00e1strojem, kter\u00fd umo\u017e\u0148uje r\u00e1mcov\u011b simulovat o\u010dek\u00e1van\u00e9 fisk\u00e1ln\u00ed dopady zm\u011bn v\u00a0nastaven\u00ed hlavn\u00edch parametr\u016f nejv\u00fdznamn\u011bj\u0161\u00edch dan\u00ed\/pojistn\u00e9ho v\u00a0\u010cesk\u00e9 republice. Jeho \u00fa\u010delem je p\u0159isp\u011bt k\u00a0racionalizaci debaty o p\u0159\u00edpadn\u00fdch \u00faprav\u00e1ch da\u0148ov\u00e9ho mixu v\u00a0\u010cesk\u00e9 republice, kterou si vysok\u00e9 deficity ve\u0159ejn\u00fdch financ\u00ed pravd\u011bpodobn\u011b vy\u017e\u00e1daj\u00ed. Kalkula\u010dku lze nal\u00e9zt na hlavn\u00ed stran\u011b webu \u00daNRR. N\u00e1stroj nen\u00ed ur\u010den k&#8230;<\/p>\n","protected":false},"author":2,"featured_media":0,"parent":8412,"menu_order":0,"comment_status":"closed","ping_status":"closed","template":"pages\/page-blocks.php","meta":{"footnotes":""},"class_list":["post-8420","page","type-page","status-publish","hentry"],"yoast_head":"<!-- This site is optimized with the Yoast SEO plugin v27.2 - https:\/\/yoast.com\/product\/yoast-seo-wordpress\/ -->\n<title>Calculator | N\u00e1rodn\u00ed rozpo\u010dtov\u00e1 rada<\/title>\n<meta name=\"robots\" content=\"index, follow, max-snippet:-1, max-image-preview:large, max-video-preview:-1\" \/>\n<link rel=\"canonical\" href=\"https:\/\/www.rozpoctovarada.cz\/en\/public-finances\/calculator\/\" \/>\n<meta property=\"og:locale\" content=\"en_US\" \/>\n<meta property=\"og:type\" content=\"article\" \/>\n<meta property=\"og:title\" content=\"Calculator | N\u00e1rodn\u00ed rozpo\u010dtov\u00e1 rada\" \/>\n<meta property=\"og:description\" content=\"Soubor \u201eKalkula\u010dka ve\u0159ejn\u00fdch p\u0159\u00edjm\u016f\u201c je jednoduch\u00fdm n\u00e1strojem, kter\u00fd umo\u017e\u0148uje r\u00e1mcov\u011b simulovat o\u010dek\u00e1van\u00e9 fisk\u00e1ln\u00ed dopady zm\u011bn v\u00a0nastaven\u00ed hlavn\u00edch parametr\u016f nejv\u00fdznamn\u011bj\u0161\u00edch dan\u00ed\/pojistn\u00e9ho v\u00a0\u010cesk\u00e9 republice. Jeho \u00fa\u010delem je p\u0159isp\u011bt k\u00a0racionalizaci debaty o p\u0159\u00edpadn\u00fdch \u00faprav\u00e1ch da\u0148ov\u00e9ho mixu v\u00a0\u010cesk\u00e9 republice, kterou si vysok\u00e9 deficity ve\u0159ejn\u00fdch financ\u00ed pravd\u011bpodobn\u011b vy\u017e\u00e1daj\u00ed. Kalkula\u010dku lze nal\u00e9zt na hlavn\u00ed stran\u011b webu \u00daNRR. N\u00e1stroj nen\u00ed ur\u010den k...\" \/>\n<meta property=\"og:url\" content=\"https:\/\/www.rozpoctovarada.cz\/en\/public-finances\/calculator\/\" \/>\n<meta property=\"og:site_name\" content=\"N\u00e1rodn\u00ed rozpo\u010dtov\u00e1 rada\" \/>\n<meta property=\"article:publisher\" content=\"https:\/\/www.facebook.com\/narodnirozpoctovarada\" \/>\n<meta property=\"article:modified_time\" content=\"2022-12-21T12:42:23+00:00\" \/>\n<meta property=\"og:image\" content=\"https:\/\/www.rozpoctovarada.cz\/wp-content\/uploads\/2022\/12\/UNRR_OG.jpg\" \/>\n\t<meta property=\"og:image:width\" content=\"1200\" \/>\n\t<meta property=\"og:image:height\" content=\"630\" \/>\n\t<meta property=\"og:image:type\" content=\"image\/jpeg\" \/>\n<meta name=\"twitter:card\" content=\"summary_large_image\" \/>\n<meta name=\"twitter:site\" content=\"@rozpoctova_rada\" \/>\n<meta name=\"twitter:label1\" content=\"Est. reading time\" \/>\n\t<meta name=\"twitter:data1\" content=\"2 minutes\" \/>\n<!-- \/ Yoast SEO plugin. -->","yoast_head_json":{"title":"Calculator | N\u00e1rodn\u00ed rozpo\u010dtov\u00e1 rada","robots":{"index":"index","follow":"follow","max-snippet":"max-snippet:-1","max-image-preview":"max-image-preview:large","max-video-preview":"max-video-preview:-1"},"canonical":"https:\/\/www.rozpoctovarada.cz\/en\/public-finances\/calculator\/","og_locale":"en_US","og_type":"article","og_title":"Calculator | N\u00e1rodn\u00ed rozpo\u010dtov\u00e1 rada","og_description":"Soubor \u201eKalkula\u010dka ve\u0159ejn\u00fdch p\u0159\u00edjm\u016f\u201c je jednoduch\u00fdm n\u00e1strojem, kter\u00fd umo\u017e\u0148uje r\u00e1mcov\u011b simulovat o\u010dek\u00e1van\u00e9 fisk\u00e1ln\u00ed dopady zm\u011bn v\u00a0nastaven\u00ed hlavn\u00edch parametr\u016f nejv\u00fdznamn\u011bj\u0161\u00edch dan\u00ed\/pojistn\u00e9ho v\u00a0\u010cesk\u00e9 republice. Jeho \u00fa\u010delem je p\u0159isp\u011bt k\u00a0racionalizaci debaty o p\u0159\u00edpadn\u00fdch \u00faprav\u00e1ch da\u0148ov\u00e9ho mixu v\u00a0\u010cesk\u00e9 republice, kterou si vysok\u00e9 deficity ve\u0159ejn\u00fdch financ\u00ed pravd\u011bpodobn\u011b vy\u017e\u00e1daj\u00ed. Kalkula\u010dku lze nal\u00e9zt na hlavn\u00ed stran\u011b webu \u00daNRR. N\u00e1stroj nen\u00ed ur\u010den k...","og_url":"https:\/\/www.rozpoctovarada.cz\/en\/public-finances\/calculator\/","og_site_name":"N\u00e1rodn\u00ed rozpo\u010dtov\u00e1 rada","article_publisher":"https:\/\/www.facebook.com\/narodnirozpoctovarada","article_modified_time":"2022-12-21T12:42:23+00:00","og_image":[{"width":1200,"height":630,"url":"https:\/\/www.rozpoctovarada.cz\/wp-content\/uploads\/2022\/12\/UNRR_OG.jpg","type":"image\/jpeg"}],"twitter_card":"summary_large_image","twitter_site":"@rozpoctova_rada","twitter_misc":{"Est. reading time":"2 minutes"},"schema":{"@context":"https:\/\/schema.org","@graph":[{"@type":"WebPage","@id":"https:\/\/www.rozpoctovarada.cz\/en\/public-finances\/calculator\/","url":"https:\/\/www.rozpoctovarada.cz\/en\/public-finances\/calculator\/","name":"Calculator | N\u00e1rodn\u00ed rozpo\u010dtov\u00e1 rada","isPartOf":{"@id":"https:\/\/www.rozpoctovarada.cz\/en\/#website"},"datePublished":"2022-11-29T09:11:24+00:00","dateModified":"2022-12-21T12:42:23+00:00","breadcrumb":{"@id":"https:\/\/www.rozpoctovarada.cz\/en\/public-finances\/calculator\/#breadcrumb"},"inLanguage":"en-US","potentialAction":[{"@type":"ReadAction","target":["https:\/\/www.rozpoctovarada.cz\/en\/public-finances\/calculator\/"]}]},{"@type":"BreadcrumbList","@id":"https:\/\/www.rozpoctovarada.cz\/en\/public-finances\/calculator\/#breadcrumb","itemListElement":[{"@type":"ListItem","position":1,"name":"Dom\u016f","item":"https:\/\/www.rozpoctovarada.cz\/en\/"},{"@type":"ListItem","position":2,"name":"Public Finances","item":"https:\/\/unrr.brilo.work\/en\/public-finances\/"},{"@type":"ListItem","position":3,"name":"Calculator"}]},{"@type":"WebSite","@id":"https:\/\/www.rozpoctovarada.cz\/en\/#website","url":"https:\/\/www.rozpoctovarada.cz\/en\/","name":"N\u00e1rodn\u00ed rozpo\u010dtov\u00e1 rada","description":"Nez\u00e1visl\u00fd odborn\u00fd org\u00e1n vyhodnocuj\u00edc\u00ed zda st\u00e1t a dal\u0161\u00ed ve\u0159ejn\u00e9 instituce dodr\u017euj\u00ed pravidla rozpo\u010dtov\u00e9 odpov\u011bdnosti dan\u00e1 z\u00e1konem.","publisher":{"@id":"https:\/\/www.rozpoctovarada.cz\/en\/#organization"},"potentialAction":[{"@type":"SearchAction","target":{"@type":"EntryPoint","urlTemplate":"https:\/\/www.rozpoctovarada.cz\/en\/?s={search_term_string}"},"query-input":{"@type":"PropertyValueSpecification","valueRequired":true,"valueName":"search_term_string"}}],"inLanguage":"en-US"},{"@type":"Organization","@id":"https:\/\/www.rozpoctovarada.cz\/en\/#organization","name":"\u00da\u0159ad N\u00e1rodn\u00ed rozpo\u010dtov\u00e9 rady","url":"https:\/\/www.rozpoctovarada.cz\/en\/","logo":{"@type":"ImageObject","inLanguage":"en-US","@id":"https:\/\/www.rozpoctovarada.cz\/en\/#\/schema\/logo\/image\/","url":"https:\/\/www.rozpoctovarada.cz\/wp-content\/uploads\/2022\/11\/Logo-NRR_.png","contentUrl":"https:\/\/www.rozpoctovarada.cz\/wp-content\/uploads\/2022\/11\/Logo-NRR_.png","width":453,"height":211,"caption":"\u00da\u0159ad N\u00e1rodn\u00ed rozpo\u010dtov\u00e9 rady"},"image":{"@id":"https:\/\/www.rozpoctovarada.cz\/en\/#\/schema\/logo\/image\/"},"sameAs":["https:\/\/www.facebook.com\/narodnirozpoctovarada","https:\/\/x.com\/rozpoctova_rada","https:\/\/www.linkedin.com\/company\/unrr","https:\/\/www.youtube.com\/channel\/UCvBj3gmMv19MzBFnz3BDL4Q"]}]}},"_links":{"self":[{"href":"https:\/\/www.rozpoctovarada.cz\/en\/wp-json\/wp\/v2\/pages\/8420","targetHints":{"allow":["GET"]}}],"collection":[{"href":"https:\/\/www.rozpoctovarada.cz\/en\/wp-json\/wp\/v2\/pages"}],"about":[{"href":"https:\/\/www.rozpoctovarada.cz\/en\/wp-json\/wp\/v2\/types\/page"}],"author":[{"embeddable":true,"href":"https:\/\/www.rozpoctovarada.cz\/en\/wp-json\/wp\/v2\/users\/2"}],"replies":[{"embeddable":true,"href":"https:\/\/www.rozpoctovarada.cz\/en\/wp-json\/wp\/v2\/comments?post=8420"}],"version-history":[{"count":1,"href":"https:\/\/www.rozpoctovarada.cz\/en\/wp-json\/wp\/v2\/pages\/8420\/revisions"}],"predecessor-version":[{"id":8421,"href":"https:\/\/www.rozpoctovarada.cz\/en\/wp-json\/wp\/v2\/pages\/8420\/revisions\/8421"}],"up":[{"embeddable":true,"href":"https:\/\/www.rozpoctovarada.cz\/en\/wp-json\/wp\/v2\/pages\/8412"}],"wp:attachment":[{"href":"https:\/\/www.rozpoctovarada.cz\/en\/wp-json\/wp\/v2\/media?parent=8420"}],"curies":[{"name":"wp","href":"https:\/\/api.w.org\/{rel}","templated":true}]}}