{"id":8389,"date":"2022-11-29T10:09:28","date_gmt":"2022-11-29T09:09:28","guid":{"rendered":"https:\/\/www.rozpoctovarada.cz\/cbf\/clenove-vrp\/"},"modified":"2026-03-02T11:24:01","modified_gmt":"2026-03-02T10:24:01","slug":"members-cbf","status":"publish","type":"page","link":"https:\/\/www.rozpoctovarada.cz\/en\/cbf\/members-cbf\/","title":{"rendered":"Members of CBF"},"content":{"rendered":"<p>The current Committee on Budgetary Forecast consists of seven members and includes leading Czech economists from the private, public, and academic sectors. Since May 2024, the Chairman of the Committee has been economist <strong>Michal Sko\u0159epa<\/strong>, a member of the analytical team of \u010cesk\u00e1 spo\u0159itelna and the management of the Czech Economic Society.<\/p>\n","protected":false},"excerpt":{"rendered":"<p>The current Committee on Budgetary Forecast consists of seven members and includes leading Czech economists from the private, public, and academic sectors. Since May 2024, the Chairman of the Committee has been economist Michal Sko\u0159epa, a member of the analytical team of \u010cesk\u00e1 spo\u0159itelna and the management of the Czech Economic Society.<\/p>\n","protected":false},"author":2,"featured_media":0,"parent":8235,"menu_order":0,"comment_status":"closed","ping_status":"closed","template":"pages\/page-blocks.php","meta":{"footnotes":""},"class_list":["post-8389","page","type-page","status-publish","hentry"],"yoast_head":"<!-- This site is optimized with the Yoast SEO plugin v27.2 - https:\/\/yoast.com\/product\/yoast-seo-wordpress\/ -->\n<title>Members of CBF | N\u00e1rodn\u00ed rozpo\u010dtov\u00e1 rada<\/title>\n<meta name=\"robots\" content=\"index, follow, max-snippet:-1, max-image-preview:large, max-video-preview:-1\" \/>\n<link rel=\"canonical\" href=\"https:\/\/www.rozpoctovarada.cz\/en\/cbf\/members-cbf\/\" \/>\n<meta property=\"og:locale\" content=\"en_US\" \/>\n<meta property=\"og:type\" content=\"article\" \/>\n<meta property=\"og:title\" content=\"Members of CBF | N\u00e1rodn\u00ed rozpo\u010dtov\u00e1 rada\" \/>\n<meta property=\"og:description\" content=\"The current Committee on Budgetary Forecast consists of seven members and includes leading Czech economists from the private, public, and academic sectors. Since May 2024, the Chairman of the Committee has been economist Michal Sko\u0159epa, a member of the analytical team of \u010cesk\u00e1 spo\u0159itelna and the management of the Czech Economic Society.\" \/>\n<meta property=\"og:url\" content=\"https:\/\/www.rozpoctovarada.cz\/en\/cbf\/members-cbf\/\" \/>\n<meta property=\"og:site_name\" content=\"N\u00e1rodn\u00ed rozpo\u010dtov\u00e1 rada\" \/>\n<meta property=\"article:publisher\" content=\"https:\/\/www.facebook.com\/narodnirozpoctovarada\" \/>\n<meta property=\"article:modified_time\" content=\"2026-03-02T10:24:01+00:00\" \/>\n<meta property=\"og:image\" content=\"https:\/\/www.rozpoctovarada.cz\/wp-content\/uploads\/2022\/12\/UNRR_OG.jpg\" \/>\n\t<meta property=\"og:image:width\" content=\"1200\" \/>\n\t<meta property=\"og:image:height\" content=\"630\" \/>\n\t<meta property=\"og:image:type\" content=\"image\/jpeg\" \/>\n<meta name=\"twitter:card\" content=\"summary_large_image\" \/>\n<meta name=\"twitter:site\" content=\"@rozpoctova_rada\" \/>\n<meta name=\"twitter:label1\" content=\"Est. reading time\" \/>\n\t<meta name=\"twitter:data1\" content=\"1 minute\" \/>\n<!-- \/ Yoast SEO plugin. -->","yoast_head_json":{"title":"Members of CBF | N\u00e1rodn\u00ed rozpo\u010dtov\u00e1 rada","robots":{"index":"index","follow":"follow","max-snippet":"max-snippet:-1","max-image-preview":"max-image-preview:large","max-video-preview":"max-video-preview:-1"},"canonical":"https:\/\/www.rozpoctovarada.cz\/en\/cbf\/members-cbf\/","og_locale":"en_US","og_type":"article","og_title":"Members of CBF | N\u00e1rodn\u00ed rozpo\u010dtov\u00e1 rada","og_description":"The current Committee on Budgetary Forecast consists of seven members and includes leading Czech economists from the private, public, and academic sectors. Since May 2024, the Chairman of the Committee has been economist Michal Sko\u0159epa, a member of the analytical team of \u010cesk\u00e1 spo\u0159itelna and the management of the Czech Economic Society.","og_url":"https:\/\/www.rozpoctovarada.cz\/en\/cbf\/members-cbf\/","og_site_name":"N\u00e1rodn\u00ed rozpo\u010dtov\u00e1 rada","article_publisher":"https:\/\/www.facebook.com\/narodnirozpoctovarada","article_modified_time":"2026-03-02T10:24:01+00:00","og_image":[{"width":1200,"height":630,"url":"https:\/\/www.rozpoctovarada.cz\/wp-content\/uploads\/2022\/12\/UNRR_OG.jpg","type":"image\/jpeg"}],"twitter_card":"summary_large_image","twitter_site":"@rozpoctova_rada","twitter_misc":{"Est. reading time":"1 minute"},"schema":{"@context":"https:\/\/schema.org","@graph":[{"@type":"WebPage","@id":"https:\/\/www.rozpoctovarada.cz\/en\/cbf\/members-cbf\/","url":"https:\/\/www.rozpoctovarada.cz\/en\/cbf\/members-cbf\/","name":"Members of CBF | N\u00e1rodn\u00ed rozpo\u010dtov\u00e1 rada","isPartOf":{"@id":"https:\/\/www.rozpoctovarada.cz\/en\/#website"},"datePublished":"2022-11-29T09:09:28+00:00","dateModified":"2026-03-02T10:24:01+00:00","breadcrumb":{"@id":"https:\/\/www.rozpoctovarada.cz\/en\/cbf\/members-cbf\/#breadcrumb"},"inLanguage":"en-US","potentialAction":[{"@type":"ReadAction","target":["https:\/\/www.rozpoctovarada.cz\/en\/cbf\/members-cbf\/"]}]},{"@type":"BreadcrumbList","@id":"https:\/\/www.rozpoctovarada.cz\/en\/cbf\/members-cbf\/#breadcrumb","itemListElement":[{"@type":"ListItem","position":1,"name":"Dom\u016f","item":"https:\/\/www.rozpoctovarada.cz\/en\/"},{"@type":"ListItem","position":2,"name":"The Committee on Budgetary Forecasts","item":"https:\/\/www.rozpoctovarada.cz\/en\/cbf\/"},{"@type":"ListItem","position":3,"name":"Members of CBF"}]},{"@type":"WebSite","@id":"https:\/\/www.rozpoctovarada.cz\/en\/#website","url":"https:\/\/www.rozpoctovarada.cz\/en\/","name":"N\u00e1rodn\u00ed rozpo\u010dtov\u00e1 rada","description":"Nez\u00e1visl\u00fd odborn\u00fd org\u00e1n vyhodnocuj\u00edc\u00ed zda st\u00e1t a dal\u0161\u00ed ve\u0159ejn\u00e9 instituce dodr\u017euj\u00ed pravidla rozpo\u010dtov\u00e9 odpov\u011bdnosti dan\u00e1 z\u00e1konem.","publisher":{"@id":"https:\/\/www.rozpoctovarada.cz\/en\/#organization"},"potentialAction":[{"@type":"SearchAction","target":{"@type":"EntryPoint","urlTemplate":"https:\/\/www.rozpoctovarada.cz\/en\/?s={search_term_string}"},"query-input":{"@type":"PropertyValueSpecification","valueRequired":true,"valueName":"search_term_string"}}],"inLanguage":"en-US"},{"@type":"Organization","@id":"https:\/\/www.rozpoctovarada.cz\/en\/#organization","name":"\u00da\u0159ad N\u00e1rodn\u00ed rozpo\u010dtov\u00e9 rady","url":"https:\/\/www.rozpoctovarada.cz\/en\/","logo":{"@type":"ImageObject","inLanguage":"en-US","@id":"https:\/\/www.rozpoctovarada.cz\/en\/#\/schema\/logo\/image\/","url":"https:\/\/www.rozpoctovarada.cz\/wp-content\/uploads\/2022\/11\/Logo-NRR_.png","contentUrl":"https:\/\/www.rozpoctovarada.cz\/wp-content\/uploads\/2022\/11\/Logo-NRR_.png","width":453,"height":211,"caption":"\u00da\u0159ad N\u00e1rodn\u00ed rozpo\u010dtov\u00e9 rady"},"image":{"@id":"https:\/\/www.rozpoctovarada.cz\/en\/#\/schema\/logo\/image\/"},"sameAs":["https:\/\/www.facebook.com\/narodnirozpoctovarada","https:\/\/x.com\/rozpoctova_rada","https:\/\/www.linkedin.com\/company\/unrr","https:\/\/www.youtube.com\/channel\/UCvBj3gmMv19MzBFnz3BDL4Q"]}]}},"_links":{"self":[{"href":"https:\/\/www.rozpoctovarada.cz\/en\/wp-json\/wp\/v2\/pages\/8389","targetHints":{"allow":["GET"]}}],"collection":[{"href":"https:\/\/www.rozpoctovarada.cz\/en\/wp-json\/wp\/v2\/pages"}],"about":[{"href":"https:\/\/www.rozpoctovarada.cz\/en\/wp-json\/wp\/v2\/types\/page"}],"author":[{"embeddable":true,"href":"https:\/\/www.rozpoctovarada.cz\/en\/wp-json\/wp\/v2\/users\/2"}],"replies":[{"embeddable":true,"href":"https:\/\/www.rozpoctovarada.cz\/en\/wp-json\/wp\/v2\/comments?post=8389"}],"version-history":[{"count":7,"href":"https:\/\/www.rozpoctovarada.cz\/en\/wp-json\/wp\/v2\/pages\/8389\/revisions"}],"predecessor-version":[{"id":13253,"href":"https:\/\/www.rozpoctovarada.cz\/en\/wp-json\/wp\/v2\/pages\/8389\/revisions\/13253"}],"up":[{"embeddable":true,"href":"https:\/\/www.rozpoctovarada.cz\/en\/wp-json\/wp\/v2\/pages\/8235"}],"wp:attachment":[{"href":"https:\/\/www.rozpoctovarada.cz\/en\/wp-json\/wp\/v2\/media?parent=8389"}],"curies":[{"name":"wp","href":"https:\/\/api.w.org\/{rel}","templated":true}]}}